{"id":3,"date":"2022-02-19T13:30:37","date_gmt":"2022-02-19T13:30:37","guid":{"rendered":"https:\/\/bpcloasonline.com.br\/?page_id=3"},"modified":"2022-02-27T16:34:49","modified_gmt":"2022-02-27T16:34:49","slug":"privacy-policy","status":"publish","type":"page","link":"https:\/\/bpcloasonline.com.br\/index.php\/privacy-policy\/","title":{"rendered":"Politica de Privacidade"},"content":{"rendered":"\t\t<div data-elementor-type=\"wp-page\" data-elementor-id=\"3\" class=\"elementor elementor-3\">\n\t\t\t\t\t\t<section class=\"elementor-section elementor-top-section elementor-element elementor-element-1d487b69 elementor-section-boxed elementor-section-height-default elementor-section-height-default\" data-id=\"1d487b69\" data-element_type=\"section\" data-settings=\"{&quot;background_background&quot;:&quot;classic&quot;}\">\n\t\t\t\t\t\t<div class=\"elementor-container elementor-column-gap-default\">\n\t\t\t\t\t<div class=\"elementor-column elementor-col-100 elementor-top-column elementor-element elementor-element-7877783\" data-id=\"7877783\" data-element_type=\"column\">\n\t\t\t<div class=\"elementor-widget-wrap elementor-element-populated\">\n\t\t\t\t\t\t<div class=\"elementor-element elementor-element-963e868 elementor-widget elementor-widget-heading\" data-id=\"963e868\" data-element_type=\"widget\" data-widget_type=\"heading.default\">\n\t\t\t\t<div class=\"elementor-widget-container\">\n\t\t\t\t\t<h2 class=\"elementor-heading-title elementor-size-default\"><h2 data-elementor-setting-key=\"title\" data-pen-placeholder=\"Digite aqui...\" style=\"clear: both;font-family: Montserrat, sans-serif;font-weight: 600;font-size: 37px;letter-spacing: normal;line-height: 1.5em;text-align: center\">Pol\u00edtica de Privacidade<\/h2><\/h2>\t\t\t\t<\/div>\n\t\t\t\t<\/div>\n\t\t\t\t<div class=\"elementor-element elementor-element-1b506c7 elementor-widget elementor-widget-heading\" data-id=\"1b506c7\" data-element_type=\"widget\" data-widget_type=\"heading.default\">\n\t\t\t\t<div class=\"elementor-widget-container\">\n\t\t\t\t\t<h2 class=\"elementor-heading-title elementor-size-default\">Privacidade<\/h2>\t\t\t\t<\/div>\n\t\t\t\t<\/div>\n\t\t\t\t<div class=\"elementor-element elementor-element-217e6ed elementor-widget elementor-widget-heading\" data-id=\"217e6ed\" data-element_type=\"widget\" data-widget_type=\"heading.default\">\n\t\t\t\t<div class=\"elementor-widget-container\">\n\t\t\t\t\t<span class=\"elementor-heading-title elementor-size-default\">A privacidade dos visitantes do site \u00e9 muito importante para n\u00f3s.\n\nPortanto, seus dados pessoais n\u00e3o ser\u00e3o comercializados, distribu\u00eddos ou compartilhados com terceiros, exceto em casos de cumprimento de ordens judiciais.\n\nTodas as informa\u00e7\u00f5es pessoais relativas a membros, assinantes, clientes ou visitantes que acessem quaisquer p\u00e1ginas do site https:\/\/bpcloasonline.com.br,  ser\u00e3o tratadas em concord\u00e2ncia com a Lei Geral de Prote\u00e7\u00e3o de Dados Pessoais, n\u00ba 13.709\/2018.\n\nInforma\u00e7\u00f5es submetidas em nossas p\u00e1ginas de contato s\u00e3o utilizadas pela equipe de suporte ao cliente apenas para a finalidade de ajuda e n\u00e3o ser\u00e3o compartilhadas.\n\n<\/span>\t\t\t\t<\/div>\n\t\t\t\t<\/div>\n\t\t\t\t<div class=\"elementor-element elementor-element-f6e6141 elementor-widget elementor-widget-heading\" data-id=\"f6e6141\" data-element_type=\"widget\" data-widget_type=\"heading.default\">\n\t\t\t\t<div class=\"elementor-widget-container\">\n\t\t\t\t\t<h2 class=\"elementor-heading-title elementor-size-default\">Registros\u200b<\/h2>\t\t\t\t<\/div>\n\t\t\t\t<\/div>\n\t\t\t\t<div class=\"elementor-element elementor-element-84ebbfa elementor-widget elementor-widget-heading\" data-id=\"84ebbfa\" data-element_type=\"widget\" data-widget_type=\"heading.default\">\n\t\t\t\t<div class=\"elementor-widget-container\">\n\t\t\t\t\t<span class=\"elementor-heading-title elementor-size-default\">Assim como outros websites, coletamos e usamos informa\u00e7\u00f5es relativas aos registros. A informa\u00e7\u00e3o contida nos registros inclui o seu endere\u00e7o IP (internet protocol), o seu ISP (internet service provider), o navegador que utilizou ao visitar-nos, o tempo da sua visita e que p\u00e1ginas visitou neste site.\n\nRastreamos a localiza\u00e7\u00e3o\/endere\u00e7os de protocolo de internet (IP) para fornecer servi\u00e7os livres de spam e seguran\u00e7a para todos os nossos clientes.<\/span>\t\t\t\t<\/div>\n\t\t\t\t<\/div>\n\t\t\t\t<div class=\"elementor-element elementor-element-d0212a1 elementor-widget elementor-widget-heading\" data-id=\"d0212a1\" data-element_type=\"widget\" data-widget_type=\"heading.default\">\n\t\t\t\t<div class=\"elementor-widget-container\">\n\t\t\t\t\t<h2 class=\"elementor-heading-title elementor-size-default\">Cookies \n<\/h2>\t\t\t\t<\/div>\n\t\t\t\t<\/div>\n\t\t\t\t<div class=\"elementor-element elementor-element-4590eb8 elementor-widget elementor-widget-heading\" data-id=\"4590eb8\" data-element_type=\"widget\" data-widget_type=\"heading.default\">\n\t\t\t\t<div class=\"elementor-widget-container\">\n\t\t\t\t\t<span class=\"elementor-heading-title elementor-size-default\">Os Cookies s\u00e3o arquivos armazenados no computador ou outro dispositivo do Usu\u00e1rio, como celulares, quando houver acesso ao nosso site. Os Cookies permitem que haja identifica\u00e7\u00e3o do endere\u00e7o de IP de cada Usu\u00e1rio, al\u00e9m da coleta de informa\u00e7\u00f5es sobre o conte\u00fado acessado e prefer\u00eancias de acesso. Tais informa\u00e7\u00f5es nos auxiliam a aumentar a efici\u00eancia no acesso ao website e a aprimorar o seu conte\u00fado.\n<\/span>\t\t\t\t<\/div>\n\t\t\t\t<\/div>\n\t\t\t\t<div class=\"elementor-element elementor-element-532ae10 elementor-widget elementor-widget-heading\" data-id=\"532ae10\" data-element_type=\"widget\" data-widget_type=\"heading.default\">\n\t\t\t\t<div class=\"elementor-widget-container\">\n\t\t\t\t\t<h2 class=\"elementor-heading-title elementor-size-default\">Liga\u00e7\u00f5es a Sites de terceiros\n\n<\/h2>\t\t\t\t<\/div>\n\t\t\t\t<\/div>\n\t\t\t\t<div class=\"elementor-element elementor-element-9789505 elementor-widget elementor-widget-heading\" data-id=\"9789505\" data-element_type=\"widget\" data-widget_type=\"heading.default\">\n\t\t\t\t<div class=\"elementor-widget-container\">\n\t\t\t\t\t<span class=\"elementor-heading-title elementor-size-default\">A nossa pol\u00edtica de privacidade n\u00e3o \u00e9 aplicada a sites de terceiros, pelo que, caso visite outro site a partir do nosso dever\u00e1 ler a pol\u00edtica de privacidade do mesmo.\n\nN\u00e3o nos responsabilizamos pela pol\u00edtica de privacidade ou conte\u00fado presente nesses mesmos sites.<\/span>\t\t\t\t<\/div>\n\t\t\t\t<\/div>\n\t\t\t\t\t<\/div>\n\t\t<\/div>\n\t\t\t\t\t<\/div>\n\t\t<\/section>\n\t\t\t\t<\/div>\n\t\t","protected":false},"excerpt":{"rendered":"<p>Pol\u00edtica de Privacidade Privacidade A privacidade dos visitantes do site \u00e9 muito importante para n\u00f3s. Portanto, seus dados pessoais n\u00e3o ser\u00e3o comercializados, distribu\u00eddos ou compartilhados com terceiros, exceto em casos de cumprimento de ordens judiciais. Todas as informa\u00e7\u00f5es pessoais relativas a membros, assinantes, clientes ou visitantes que acessem quaisquer p\u00e1ginas do site https:\/\/bpcloasonline.com.br, ser\u00e3o tratadas [&hellip;]<\/p>\n","protected":false},"author":1,"featured_media":0,"parent":0,"menu_order":0,"comment_status":"closed","ping_status":"closed","template":"elementor_canvas","meta":{"footnotes":""},"class_list":["post-3","page","type-page","status-publish","hentry"],"_links":{"self":[{"href":"https:\/\/bpcloasonline.com.br\/index.php\/wp-json\/wp\/v2\/pages\/3","targetHints":{"allow":["GET"]}}],"collection":[{"href":"https:\/\/bpcloasonline.com.br\/index.php\/wp-json\/wp\/v2\/pages"}],"about":[{"href":"https:\/\/bpcloasonline.com.br\/index.php\/wp-json\/wp\/v2\/types\/page"}],"author":[{"embeddable":true,"href":"https:\/\/bpcloasonline.com.br\/index.php\/wp-json\/wp\/v2\/users\/1"}],"replies":[{"embeddable":true,"href":"https:\/\/bpcloasonline.com.br\/index.php\/wp-json\/wp\/v2\/comments?post=3"}],"version-history":[{"count":4,"href":"https:\/\/bpcloasonline.com.br\/index.php\/wp-json\/wp\/v2\/pages\/3\/revisions"}],"predecessor-version":[{"id":533,"href":"https:\/\/bpcloasonline.com.br\/index.php\/wp-json\/wp\/v2\/pages\/3\/revisions\/533"}],"wp:attachment":[{"href":"https:\/\/bpcloasonline.com.br\/index.php\/wp-json\/wp\/v2\/media?parent=3"}],"curies":[{"name":"wp","href":"https:\/\/api.w.org\/{rel}","templated":true}]}}